{"id":903,"date":"2019-10-01T15:00:09","date_gmt":"2019-10-01T18:00:09","guid":{"rendered":"https:\/\/faesa.com.ar\/noticias\/"},"modified":"2021-06-16T15:27:24","modified_gmt":"2021-06-16T18:27:24","slug":"blog","status":"publish","type":"page","link":"https:\/\/faesa.com.ar\/pt-br\/blog\/","title":{"rendered":"Blog"},"content":{"rendered":"<p>[vc_row][vc_column]<div class=\"boc_spacing \" style=\"height: 30px\"><\/div><h1 class=\"boc_heading  center  \"  style=\"margin-bottom: 20px;margin-top: 0px;color: #333333;\"><span>Blog<\/span><\/h1><div class=\"boc_divider_holder\"><div class=\"boc_divider  \"  style=\"margin-top: 20px;margin-bottom: 20px;width: 100px;margin-left: auto; margin-right: auto;height: 1px;background: #eeeeee;\"><\/div><\/div><div id = \"post_grid_fe86e437624d64db7330269972fee211\" class=\"grid_holder \"><div class=\"col span_1_of_3 info_item isotope_element\">\r\n\t\t\t\t\t\t\t<div class=\"post_item_block  boxed\"><div class=\"pic  img_hover_effect1\"><a href=\"https:\/\/faesa.com.ar\/pt-br\/otro-producto-desarrollado\/\"><img decoding=\"async\" src=\"https:\/\/faesa.com.ar\/wp-content\/uploads\/2020\/10\/WhatsApp-Image-2020-09-28-at-16.21.51-1-600x380.jpeg\"\/><div class=\"img_overlay\"><span class=\"hover_icon icon_plus\"><\/span><\/div><\/a><\/div><div class=\"post_item_desc dark_links\"><h4><a href=\"https:\/\/faesa.com.ar\/pt-br\/otro-producto-desarrollado\/\">PRODUTO DESENVOLVIDO: IND\u00daSTRIA CORDOBESA PARA TODA A ARGENTINA<\/a><\/h4><p>INOVA\u00c7\u00c3O + QUALIDADE = NOVO PRODUTO Um caminh\u00e3o de Valores 0Km sofreu a ruptura de um el\u00e1stico dianteiro em uma viagem deBuenos Aires a La Rioja, como <\/p><a href=\"https:\/\/faesa.com.ar\/pt-br\/otro-producto-desarrollado\/\" class='more-link2'>Read more<\/a>\t\t<\/div>\r\n\t\t\t\t<\/div>\r\n\t\t\t\t<\/div><div class=\"col span_1_of_3 info_item isotope_element\">\r\n\t\t\t\t\t\t\t<div class=\"post_item_block  boxed\"><div class=\"pic  img_hover_effect1\"><a href=\"https:\/\/faesa.com.ar\/pt-br\/nuevo-equipamiento-para-garantizar-la-calidad-de-nuestros-productos\/\"><img decoding=\"async\" src=\"https:\/\/faesa.com.ar\/wp-content\/uploads\/2019\/10\/img_nuevo_equipamiento-600x380.jpg\"\/><div class=\"img_overlay\"><span class=\"hover_icon icon_plus\"><\/span><\/div><\/a><\/div><div class=\"post_item_desc dark_links\"><h4><a href=\"https:\/\/faesa.com.ar\/pt-br\/nuevo-equipamiento-para-garantizar-la-calidad-de-nuestros-productos\/\">NOVO EQUIPAMIENTO PARA GARANTIR A QUALIDADE DE NOSSOS PRODUTOS<\/a><\/h4><p>NOVO EQUIPAMIENTO PARA GARANTIR A QUALIDADE DE NOSSOS PRODUTOS Em mar\u00e7o de 2018, foi implementada uma equipe de controle de fissuras por part\u00edculasmagnetiz\u00e1veis <\/p><a href=\"https:\/\/faesa.com.ar\/pt-br\/nuevo-equipamiento-para-garantizar-la-calidad-de-nuestros-productos\/\" class='more-link2'>Read more<\/a>\t\t<\/div>\r\n\t\t\t\t<\/div>\r\n\t\t\t\t<\/div><div class=\"col span_1_of_3 info_item isotope_element\">\r\n\t\t\t\t\t\t\t<div class=\"post_item_block  boxed\"><div class=\"pic  img_hover_effect1\"><a href=\"https:\/\/faesa.com.ar\/pt-br\/proyecto-kaizen-tango-faesa-inti-japon\/\"><img decoding=\"async\" src=\"https:\/\/faesa.com.ar\/wp-content\/uploads\/2019\/10\/img_proyecto_kaizen-600x380.jpg\"\/><div class=\"img_overlay\"><span class=\"hover_icon icon_plus\"><\/span><\/div><\/a><\/div><div class=\"post_item_desc dark_links\"><h4><a href=\"https:\/\/faesa.com.ar\/pt-br\/proyecto-kaizen-tango-faesa-inti-japon\/\">PROJETO KAIZEN TANGO \u2013 FAESA \u2013 INTI \u2013 JAP\u00c3O<\/a><\/h4><p>PROJETO KAIZEN TANGO \u2013 FAESA \u2013 INTI \u2013 JAP\u00c3O No final de 2017 a FAESA foi selecionada como uma das tr\u00eas empresas cordobesas queparticiparam no Projeto <\/p><a href=\"https:\/\/faesa.com.ar\/pt-br\/proyecto-kaizen-tango-faesa-inti-japon\/\" class='more-link2'>Read more<\/a>\t\t<\/div>\r\n\t\t\t\t<\/div>\r\n\t\t\t\t<\/div><div class=\"col span_1_of_3 info_item isotope_element\">\r\n\t\t\t\t\t\t\t<div class=\"post_item_block  boxed\"><div class=\"pic  img_hover_effect1\"><a href=\"https:\/\/faesa.com.ar\/pt-br\/nuevos-desarrollos-suspension-neumatica\/\"><img decoding=\"async\" src=\"https:\/\/faesa.com.ar\/wp-content\/uploads\/2019\/10\/img_nuevos_desarrollos-600x380.jpg\"\/><div class=\"img_overlay\"><span class=\"hover_icon icon_plus\"><\/span><\/div><\/a><\/div><div class=\"post_item_desc dark_links\"><h4><a href=\"https:\/\/faesa.com.ar\/pt-br\/nuevos-desarrollos-suspension-neumatica\/\">NOVOS DESENVOLVIMENTOS &#8211; SUSPENS\u00c3O A AR<\/a><\/h4><p>NOVOS DESENVOLVIMENTOS &#8211; SUSPENS\u00c3O A AR A \u00e1rea de Engenharia da FAESA concluiu em 2017 a etapa de valida\u00e7\u00e3o em campo do novomodelo de el\u00e1sticos para <\/p><a href=\"https:\/\/faesa.com.ar\/pt-br\/nuevos-desarrollos-suspension-neumatica\/\" class='more-link2'>Read more<\/a>\t\t<\/div>\r\n\t\t\t\t<\/div>\r\n\t\t\t\t<\/div>\r\n\t\t\t<\/div>\r\n\t\t\t<div class=\"h10 clear\"><\/div><div class=\"boc_divider_holder\"><div class=\"boc_divider  \"  style=\"margin-top: 20px;margin-bottom: 20px;width: 60%;margin-left: auto; margin-right: auto;height: 2px;background: #32bef0;\"><\/div><\/div>[\/vc_column][\/vc_row]<\/p>\n","protected":false},"excerpt":{"rendered":"<p>[vc_row][vc_column][\/vc_column][\/vc_row]<\/p>\n","protected":false},"author":1,"featured_media":0,"parent":0,"menu_order":0,"comment_status":"closed","ping_status":"closed","template":"","meta":{"footnotes":""},"class_list":["post-903","page","type-page","status-publish","hentry"],"_links":{"self":[{"href":"https:\/\/faesa.com.ar\/pt-br\/wp-json\/wp\/v2\/pages\/903\/"}],"collection":[{"href":"https:\/\/faesa.com.ar\/pt-br\/wp-json\/wp\/v2\/pages\/"}],"about":[{"href":"https:\/\/faesa.com.ar\/pt-br\/wp-json\/wp\/v2\/types\/page\/"}],"author":[{"embeddable":true,"href":"https:\/\/faesa.com.ar\/pt-br\/wp-json\/wp\/v2\/users\/1\/"}],"replies":[{"embeddable":true,"href":"https:\/\/faesa.com.ar\/pt-br\/wp-json\/wp\/v2\/comments\/?post=903"}],"version-history":[{"count":1,"href":"https:\/\/faesa.com.ar\/pt-br\/wp-json\/wp\/v2\/pages\/903\/revisions\/"}],"predecessor-version":[{"id":904,"href":"https:\/\/faesa.com.ar\/pt-br\/wp-json\/wp\/v2\/pages\/903\/revisions\/904\/"}],"wp:attachment":[{"href":"https:\/\/faesa.com.ar\/pt-br\/wp-json\/wp\/v2\/media\/?parent=903"}],"curies":[{"name":"wp","href":"https:\/\/api.w.org\/{rel}","templated":true}]}}