{"id":866,"date":"2020-02-10T14:42:48","date_gmt":"2020-02-10T17:42:48","guid":{"rendered":"https:\/\/faesa.com.ar\/productos\/suspension-para-transporte\/"},"modified":"2021-06-16T15:36:58","modified_gmt":"2021-06-16T18:36:58","slug":"suspensao-para-transporte","status":"publish","type":"page","link":"https:\/\/faesa.com.ar\/pt-br\/produtos\/suspensao-para-transporte\/","title":{"rendered":"Suspens\u00e3o para Transporte"},"content":{"rendered":"<p>[vc_row full_width=&#8221;stretch_row&#8221; bg_type=&#8221;image&#8221; bg_image_new=&#8221;572&#8243; bg_image_repeat=&#8221;no-repeat&#8221; css=&#8221;.vc_custom_1592512597337{padding-top: 150px !important;padding-bottom: 150px !important;}&#8221;][vc_column]<h2 class=\"boc_heading  al_left  \"  style=\"margin-bottom: 20px;margin-top: 0px;color: #ffffff;font-size: 36px;\"><span>Suspens\u00e3o para <strong>transporte<\/strong><\/span><\/h2>[\/vc_column][\/vc_row][vc_row][vc_column][vc_row_inner css=&#8221;.vc_custom_1592601709079{border-bottom-width: 0px !important;padding-top: 30px !important;padding-bottom: 30px !important;border-bottom-color: #e5e5e5 !important;border-bottom-style: solid !important;border-radius: 1px !important;}&#8221;][vc_column_inner][vc_column_text]<\/p>\n<p style=\"font-size: 20px; line-height: 32px;\">As molas s\u00e3o compostas por l\u00e2minas que trabalham sob flex\u00e3o. Formam parte do sistema de suspens\u00e3o, cuja miss\u00e3o \u00e9 absorver as descontinuidades do terreno com o objetivo de melhorar a condu\u00e7\u00e3o, seguran\u00e7a e conforto da unidade, al\u00e9m disso, permitem a vincula\u00e7\u00e3o das rodas ao chassi atrav\u00e9s do eixo.<\/p>\n<p style=\"font-size: 20px; line-height: 32px;\">Devido a sua elevada resist\u00eancia mec\u00e2nica, s\u00e3o aptas para ve\u00edculos de carga e transporte tais como caminh\u00f5es, trailers, pick ups, m\u00e1quinas rodovi\u00e1rias, ferrovi\u00e1rias e agr\u00edcolas.<\/p>\n<p>[\/vc_column_text][\/vc_column_inner][\/vc_row_inner][\/vc_column][\/vc_row][vc_row][vc_column][vc_row_inner css=&#8221;.vc_custom_1581359213318{border-bottom-width: 1px !important;padding-top: 30px !important;padding-bottom: 30px !important;border-bottom-color: #e5e5e5 !important;border-bottom-style: solid !important;border-radius: 1px !important;}&#8221;][vc_column_inner width=&#8221;1\/2&#8243;]<h2 class=\"boc_heading  al_left  \"  style=\"margin-bottom: 20px;margin-top: 0px;color: #333;\"><span>Molas convencionais\/ Feixe de Molas<\/span><\/h2><div class=\"boc_divider_holder\"><div class=\"boc_divider  \"  style=\"margin-top: 20px;margin-bottom: 20px;width: 60px;height: 1px;background: #eeeeee;\"><\/div><\/div>[vc_column_text]S\u00e3o molas compostas por v\u00e1rias l\u00e2minas que lhe d\u00e3o robustez. Sua composi\u00e7\u00e3o multilaminar lhe confere maior capacidade para transportar cargas pesadas e facilidade de manuten\u00e7\u00e3o, posicionando-o por encima de outros tipos de molas; \u00e9 por isso que seu uso prevalece em numerosas aplica\u00e7\u00f5es. Seu desenho inclui desde extremos finos e reduzidos, para uma distribui\u00e7\u00e3o uniforme da tens\u00e3o em todo o conjunto, at\u00e9 pacotes dupla etapa, para um melhor controle da suspens\u00e3o em condi\u00e7\u00f5es de altas e baixas cargas.[\/vc_column_text]<div class=\"boc_list_item  \" >\r\n\t\t\t\t\t<span class=\"li_icon normal \" style=\"\"><i class=\"icon icon-check-square-o\" style=\"\"><\/i><\/span>\r\n\t\t\t\t\t<div class=\"boc_list_item_text normal\">Caminh\u00f5es <small><a href=\"\/pt-br\/portfolio_item\/caminhoes\/\">Mais informa\u00e7\u00e3o<\/a><\/small><\/div>\r\n\t\t\t\t   <\/div><div class=\"boc_list_item  \" >\r\n\t\t\t\t\t<span class=\"li_icon normal \" style=\"\"><i class=\"icon icon-check-square-o\" style=\"\"><\/i><\/span>\r\n\t\t\t\t\t<div class=\"boc_list_item_text normal\">Reboques e Semireboques <small><a href=\"\/pt-br\/portfolio_item\/reboques-e-semireboques\/\">Mais informa\u00e7\u00e3o<\/a><\/small><\/div>\r\n\t\t\t\t   <\/div><div class=\"boc_list_item  \" >\r\n\t\t\t\t\t<span class=\"li_icon normal \" style=\"\"><i class=\"icon icon-check-square-o\" style=\"\"><\/i><\/span>\r\n\t\t\t\t\t<div class=\"boc_list_item_text normal\">Pickup <small><a href=\"\/pt-br\/portfolio_item\/pick-ups\/\">Mais informa\u00e7\u00e3o<\/a><\/small><\/div>\r\n\t\t\t\t   <\/div><div class=\"boc_list_item  \" >\r\n\t\t\t\t\t<span class=\"li_icon normal \" style=\"\"><i class=\"icon icon-check-square-o\" style=\"\"><\/i><\/span>\r\n\t\t\t\t\t<div class=\"boc_list_item_text normal\">Ferrovi\u00e1rios <small><a href=\"\/pt-br\/portfolio_item\/ferrovias\/\">Mais informa\u00e7\u00e3o<\/a><\/small><\/div>\r\n\t\t\t\t   <\/div><div class=\"boc_list_item  \" >\r\n\t\t\t\t\t<span class=\"li_icon normal \" style=\"\"><i class=\"icon icon-check-square-o\" style=\"\"><\/i><\/span>\r\n\t\t\t\t\t<div class=\"boc_list_item_text normal\">Direcional e gancho <small><a href=\"\/pt-br\/portfolio_item\/direcao\/\">Mais informa\u00e7\u00e3o<\/a><\/small><\/div>\r\n\t\t\t\t   <\/div>[\/vc_column_inner][vc_column_inner width=&#8221;1\/2&#8243;]\r\n\t\t\t\t\t<!-- Image Slider -->\r\n\t\t\t\t\t<script type=\"text\/javascript\">\r\n\r\n\t\t\t\t\t\tjQuery(document).ready(function($) {\r\n\t\t\t\t\t\t\t\r\n\t\t\t\t\t\t\t\/\/ Load carousel after its images are loaded\r\n\t\t\t\t\t\t\tpreloadImages($(\"#img_slider_631d85d13d31192175e54be770974a0d img\"), function () {\r\n\t\t\t\t\t\t\t\t\r\n\t\t\t\t\t\t\t\tvar carousel = $(\"#img_slider_631d85d13d31192175e54be770974a0d\");\r\n\t\t\t\t\t\t\t\t\r\n\t\t\t\t\t\t\t\tvar args = {\r\n\t\t\t\t\t\t\t\t\titems: \t\t\t1,\r\n\t\t\t\t\t\t\t\t\tmouseDrag:\t\ttrue,\r\n\t\t\t\t\t\t\t\t\tautoplay:\t\tfalse,\r\n\t\t\t\t\t\t\t\t\tautoplayTimeout:6000,\r\n\t\t\t\t\t\t\t\t\tnav: \t\t\ttrue,\r\n\t\t\t\t\t\t\t\t\tdots: \t\t\tfalse,\r\n\t\t\t\t\t\t\t\t\tloop: \t\t\ttrue,\r\n\t\t\t\t\t\t\t\t\tautoHeight: \tfalse,\r\n\t\t\t\t\t\t\t\t\tsmartSpeed:\t\t250,\r\n\t\t\t\t\t\t\tnavText:\t\t\t[\"<span class='icon icon-arrow-left8'><\/span>\",\"<span class='icon icon-uniE708'><\/span>\"],\r\n\t\t\t\t\t\t\t\t\tslideBy: \t\t1,\r\n\t\t\t\t\t\t\t\t\tnavRewind: \t\tfalse,\r\n\t\t\t\t\t\t\t\t\trtl: \t\t\tfalse,\r\n\t\t\t\t\t\t\t\t\tonInitialized:  \tshowCarousel_631d85d13d31192175e54be770974a0d,\r\n\t\t\t\t\t\t\t\t\t\r\n\t\t\t\t\t\t\t\t};\r\n\t\t\t\t\t\t\t\t\r\n\t\t\t\t\t\t\t\tcarousel.owlCarousel(args);\r\n\r\n\t\t\t\t\t\t\t\tvar initital_width = carousel.css(\"width\");\t\t\r\n\t\t\t\t\t\t\t\t\r\n\t\t\t\t\t\t\t\t\/* Refresh it for full width rows *\/\r\n\t\t\t\t\t\t\t\t$(window).load(function(){\r\n\t\t\t\t\t\t\t\t\tif(carousel.css(\"width\") != initital_width) {\r\n\t\t\t\t\t\t\t\t\t\tcarousel.trigger(\"destroy.owl.carousel\").removeClass(\"owl-carousel owl-loaded\");\r\n\t\t\t\t\t\t\t\t\t\tcarousel.find(\".owl-stage-outer\").children().unwrap();\r\n\t\t\t\t\t\t\t\t\t\tcarousel.owlCarousel(args);\r\n\t\t\t\t\t\t\t\t\t}\r\n\t\t\t\t\t\t\t\t});\r\n\t\t\t\t\t\t\t});\r\n\t\t\t\t\t\t\t\r\n\t\t\t\t\t\t\t\r\n\t\t\t\t\t\t\t\/* Show after initialized *\/\r\n\t\t\t\t\t\t\tfunction showCarousel_631d85d13d31192175e54be770974a0d() {\r\n\t\t\t\t\t\t\t\t$(\"#img_slider_631d85d13d31192175e54be770974a0d\").fadeTo(0,1);\r\n\t\t\t\t\t\t\t\t$(\"#img_slider_631d85d13d31192175e54be770974a0d .owl-item .boc_owl_lazy\").css(\"opacity\",\"1\");\r\n\t\t\t\t\t\t\t}\t\t\t\t\t\t\t\r\n\t\t\t\t\t\t\t\r\n\t\t\t\t\t\t\t\r\n\t\t\t\t\t\t});\r\n\r\n\t\t\t\t\t<\/script>\r\n\t\t\t\t\t<!-- Image Slider :: END --><div class=\"img_slider mfp_gallery \" id=\"img_slider_631d85d13d31192175e54be770974a0d\" style=\"opacity:0;\"><div class=\"img_slider_item boc_owl_lazy\"><img decoding=\"async\" src=\"https:\/\/faesa.com.ar\/wp-content\/uploads\/2020\/02\/camion.jpg\" alt=\"\" title=\"camion\"\/><\/div><div class=\"img_slider_item boc_owl_lazy\"><img decoding=\"async\" src=\"https:\/\/faesa.com.ar\/wp-content\/uploads\/2020\/07\/001.jpg\" alt=\"\" title=\"001\"\/><\/div><div class=\"img_slider_item boc_owl_lazy\"><img decoding=\"async\" src=\"https:\/\/faesa.com.ar\/wp-content\/uploads\/2020\/07\/002.jpg\" alt=\"\" title=\"002\"\/><\/div><div class=\"img_slider_item boc_owl_lazy\"><img decoding=\"async\" src=\"https:\/\/faesa.com.ar\/wp-content\/uploads\/2020\/07\/003.jpg\" alt=\"\" title=\"003\"\/><\/div><\/div>[\/vc_column_inner][\/vc_row_inner][\/vc_column][\/vc_row][vc_row][vc_column][vc_row_inner css=&#8221;.vc_custom_1581359213318{border-bottom-width: 1px !important;padding-top: 30px !important;padding-bottom: 30px !important;border-bottom-color: #e5e5e5 !important;border-bottom-style: solid !important;border-radius: 1px !important;}&#8221;][vc_column_inner width=&#8221;1\/2&#8243;]<h2 class=\"boc_heading  al_left  \"  style=\"margin-bottom: 20px;margin-top: 0px;color: #333;\"><span>Feixes pneum\u00e1ticos<\/span><\/h2><div class=\"boc_divider_holder\"><div class=\"boc_divider  \"  style=\"margin-top: 20px;margin-bottom: 20px;width: 60px;height: 1px;background: #eeeeee;\"><\/div><\/div>[vc_column_text]Consiste em um tipo de mola que, junto com um fole flex\u00edvel, forma parte de uma suspens\u00e3o mista de \u00faltima tecnologia, denominada suspens\u00e3o pneum\u00e1tica. Este sistema combina a capacidade de absorber irregularidades do terreno pelas molas multil\u00e2minas e as propriedades f\u00edsicas do ar contidas no pulm\u00e3o, o que garante maior flexibilidade na unidade, permitindo conforto e suavidade na condu\u00e7\u00e3o.[\/vc_column_text]<div class=\"boc_list_item  \" >\r\n\t\t\t\t\t<span class=\"li_icon normal \" style=\"\"><i class=\"icon icon-check-square-o\" style=\"\"><\/i><\/span>\r\n\t\t\t\t\t<div class=\"boc_list_item_text normal\">Pneum\u00e1ticos <small><a href=\"\/pt-br\/portfolio_item\/suspensao-pneumatica\/\">Mais informa\u00e7\u00e3o<\/a><\/small><\/div>\r\n\t\t\t\t   <\/div>[\/vc_column_inner][vc_column_inner width=&#8221;1\/2&#8243;]\r\n\t\t\t\t\t<!-- Image Slider -->\r\n\t\t\t\t\t<script type=\"text\/javascript\">\r\n\r\n\t\t\t\t\t\tjQuery(document).ready(function($) {\r\n\t\t\t\t\t\t\t\r\n\t\t\t\t\t\t\t\/\/ Load carousel after its images are loaded\r\n\t\t\t\t\t\t\tpreloadImages($(\"#img_slider_f038f06fc68ea59caa800bb3f386c2ee img\"), function () {\r\n\t\t\t\t\t\t\t\t\r\n\t\t\t\t\t\t\t\tvar carousel = $(\"#img_slider_f038f06fc68ea59caa800bb3f386c2ee\");\r\n\t\t\t\t\t\t\t\t\r\n\t\t\t\t\t\t\t\tvar args = {\r\n\t\t\t\t\t\t\t\t\titems: \t\t\t1,\r\n\t\t\t\t\t\t\t\t\tmouseDrag:\t\ttrue,\r\n\t\t\t\t\t\t\t\t\tautoplay:\t\tfalse,\r\n\t\t\t\t\t\t\t\t\tautoplayTimeout:6000,\r\n\t\t\t\t\t\t\t\t\tnav: \t\t\ttrue,\r\n\t\t\t\t\t\t\t\t\tdots: \t\t\tfalse,\r\n\t\t\t\t\t\t\t\t\tloop: \t\t\tfalse,\r\n\t\t\t\t\t\t\t\t\tautoHeight: \tfalse,\r\n\t\t\t\t\t\t\t\t\tsmartSpeed:\t\t250,\r\n\t\t\t\t\t\t\tnavText:\t\t\t[\"<span class='icon icon-arrow-left8'><\/span>\",\"<span class='icon icon-uniE708'><\/span>\"],\r\n\t\t\t\t\t\t\t\t\tslideBy: \t\t1,\r\n\t\t\t\t\t\t\t\t\tnavRewind: \t\tfalse,\r\n\t\t\t\t\t\t\t\t\trtl: \t\t\tfalse,\r\n\t\t\t\t\t\t\t\t\tonInitialized:  \tshowCarousel_f038f06fc68ea59caa800bb3f386c2ee,\r\n\t\t\t\t\t\t\t\t\t\r\n\t\t\t\t\t\t\t\t};\r\n\t\t\t\t\t\t\t\t\r\n\t\t\t\t\t\t\t\tcarousel.owlCarousel(args);\r\n\r\n\t\t\t\t\t\t\t\tvar initital_width = carousel.css(\"width\");\t\t\r\n\t\t\t\t\t\t\t\t\r\n\t\t\t\t\t\t\t\t\/* Refresh it for full width rows *\/\r\n\t\t\t\t\t\t\t\t$(window).load(function(){\r\n\t\t\t\t\t\t\t\t\tif(carousel.css(\"width\") != initital_width) {\r\n\t\t\t\t\t\t\t\t\t\tcarousel.trigger(\"destroy.owl.carousel\").removeClass(\"owl-carousel owl-loaded\");\r\n\t\t\t\t\t\t\t\t\t\tcarousel.find(\".owl-stage-outer\").children().unwrap();\r\n\t\t\t\t\t\t\t\t\t\tcarousel.owlCarousel(args);\r\n\t\t\t\t\t\t\t\t\t}\r\n\t\t\t\t\t\t\t\t});\r\n\t\t\t\t\t\t\t});\r\n\t\t\t\t\t\t\t\r\n\t\t\t\t\t\t\t\r\n\t\t\t\t\t\t\t\/* Show after initialized *\/\r\n\t\t\t\t\t\t\tfunction showCarousel_f038f06fc68ea59caa800bb3f386c2ee() {\r\n\t\t\t\t\t\t\t\t$(\"#img_slider_f038f06fc68ea59caa800bb3f386c2ee\").fadeTo(0,1);\r\n\t\t\t\t\t\t\t\t$(\"#img_slider_f038f06fc68ea59caa800bb3f386c2ee .owl-item .boc_owl_lazy\").css(\"opacity\",\"1\");\r\n\t\t\t\t\t\t\t}\t\t\t\t\t\t\t\r\n\t\t\t\t\t\t\t\r\n\t\t\t\t\t\t\t\r\n\t\t\t\t\t\t});\r\n\r\n\t\t\t\t\t<\/script>\r\n\t\t\t\t\t<!-- Image Slider :: END --><div class=\"img_slider mfp_gallery \" id=\"img_slider_f038f06fc68ea59caa800bb3f386c2ee\" style=\"opacity:0;\"><div class=\"img_slider_item boc_owl_lazy\"><img decoding=\"async\" src=\"https:\/\/faesa.com.ar\/wp-content\/uploads\/2020\/02\/10307.jpg\" alt=\"\" title=\"\"\/><\/div><\/div>[\/vc_column_inner][\/vc_row_inner][\/vc_column][\/vc_row][vc_row][vc_column][vc_row_inner css=&#8221;.vc_custom_1592604093440{border-bottom-width: 0px !important;padding-top: 30px !important;padding-bottom: 50px !important;border-bottom-color: #e5e5e5 !important;border-bottom-style: solid !important;border-radius: 1px !important;}&#8221;][vc_column_inner width=&#8221;1\/2&#8243;]<h2 class=\"boc_heading  al_left  \"  style=\"margin-bottom: 20px;margin-top: 0px;color: #333;\"><span>Feixes parab\u00f3licos<\/span><\/h2><div class=\"boc_divider_holder\"><div class=\"boc_divider  \"  style=\"margin-top: 20px;margin-bottom: 20px;width: 60px;height: 1px;background: #eeeeee;\"><\/div><\/div>[vc_column_text]Estas molas se constituem por uma ou mais l\u00e2minas, cuja particularidade \u00e9 a redu\u00e7\u00e3o de sua espessura do centro at\u00e9 as extremidades, seguindo uma curva parab\u00f3lica ao longo das l\u00e2minas, o que d\u00e1 origem ao seu nome. Com esta configura\u00e7\u00e3o se obt\u00eam um n\u00edvel de tens\u00f5es constante em toda a extens\u00e3o do feixe diante de qualquer exig\u00eancia externa. Gra\u00e7as a essa diminui\u00e7\u00e3o de espessura \u00e9 poss\u00edvel um melhor aproveitamento do material e menor contato entre as l\u00e2minas possibilitando unidades mais leves e flex\u00edveis. Sua aplica\u00e7\u00e3o se limita a ve\u00edculos onde se busca maior conforto em marcha e suspens\u00f5es aligeiradas.[\/vc_column_text][\/vc_column_inner][vc_column_inner width=&#8221;1\/2&#8243;]\r\n\t\t\t\t\t<!-- Image Slider -->\r\n\t\t\t\t\t<script type=\"text\/javascript\">\r\n\r\n\t\t\t\t\t\tjQuery(document).ready(function($) {\r\n\t\t\t\t\t\t\t\r\n\t\t\t\t\t\t\t\/\/ Load carousel after its images are loaded\r\n\t\t\t\t\t\t\tpreloadImages($(\"#img_slider_ed65d41a463973a32732c3490f5977fa img\"), function () {\r\n\t\t\t\t\t\t\t\t\r\n\t\t\t\t\t\t\t\tvar carousel = $(\"#img_slider_ed65d41a463973a32732c3490f5977fa\");\r\n\t\t\t\t\t\t\t\t\r\n\t\t\t\t\t\t\t\tvar args = {\r\n\t\t\t\t\t\t\t\t\titems: \t\t\t1,\r\n\t\t\t\t\t\t\t\t\tmouseDrag:\t\ttrue,\r\n\t\t\t\t\t\t\t\t\tautoplay:\t\tfalse,\r\n\t\t\t\t\t\t\t\t\tautoplayTimeout:6000,\r\n\t\t\t\t\t\t\t\t\tnav: \t\t\ttrue,\r\n\t\t\t\t\t\t\t\t\tdots: \t\t\tfalse,\r\n\t\t\t\t\t\t\t\t\tloop: \t\t\tfalse,\r\n\t\t\t\t\t\t\t\t\tautoHeight: \tfalse,\r\n\t\t\t\t\t\t\t\t\tsmartSpeed:\t\t250,\r\n\t\t\t\t\t\t\tnavText:\t\t\t[\"<span class='icon icon-arrow-left8'><\/span>\",\"<span class='icon icon-uniE708'><\/span>\"],\r\n\t\t\t\t\t\t\t\t\tslideBy: \t\t1,\r\n\t\t\t\t\t\t\t\t\tnavRewind: \t\tfalse,\r\n\t\t\t\t\t\t\t\t\trtl: \t\t\tfalse,\r\n\t\t\t\t\t\t\t\t\tonInitialized:  \tshowCarousel_ed65d41a463973a32732c3490f5977fa,\r\n\t\t\t\t\t\t\t\t\t\r\n\t\t\t\t\t\t\t\t};\r\n\t\t\t\t\t\t\t\t\r\n\t\t\t\t\t\t\t\tcarousel.owlCarousel(args);\r\n\r\n\t\t\t\t\t\t\t\tvar initital_width = carousel.css(\"width\");\t\t\r\n\t\t\t\t\t\t\t\t\r\n\t\t\t\t\t\t\t\t\/* Refresh it for full width rows *\/\r\n\t\t\t\t\t\t\t\t$(window).load(function(){\r\n\t\t\t\t\t\t\t\t\tif(carousel.css(\"width\") != initital_width) {\r\n\t\t\t\t\t\t\t\t\t\tcarousel.trigger(\"destroy.owl.carousel\").removeClass(\"owl-carousel owl-loaded\");\r\n\t\t\t\t\t\t\t\t\t\tcarousel.find(\".owl-stage-outer\").children().unwrap();\r\n\t\t\t\t\t\t\t\t\t\tcarousel.owlCarousel(args);\r\n\t\t\t\t\t\t\t\t\t}\r\n\t\t\t\t\t\t\t\t});\r\n\t\t\t\t\t\t\t});\r\n\t\t\t\t\t\t\t\r\n\t\t\t\t\t\t\t\r\n\t\t\t\t\t\t\t\/* Show after initialized *\/\r\n\t\t\t\t\t\t\tfunction showCarousel_ed65d41a463973a32732c3490f5977fa() {\r\n\t\t\t\t\t\t\t\t$(\"#img_slider_ed65d41a463973a32732c3490f5977fa\").fadeTo(0,1);\r\n\t\t\t\t\t\t\t\t$(\"#img_slider_ed65d41a463973a32732c3490f5977fa .owl-item .boc_owl_lazy\").css(\"opacity\",\"1\");\r\n\t\t\t\t\t\t\t}\t\t\t\t\t\t\t\r\n\t\t\t\t\t\t\t\r\n\t\t\t\t\t\t\t\r\n\t\t\t\t\t\t});\r\n\r\n\t\t\t\t\t<\/script>\r\n\t\t\t\t\t<!-- Image Slider :: END --><div class=\"img_slider mfp_gallery \" id=\"img_slider_ed65d41a463973a32732c3490f5977fa\" style=\"opacity:0;\"><div class=\"img_slider_item boc_owl_lazy\"><img decoding=\"async\" src=\"https:\/\/faesa.com.ar\/wp-content\/uploads\/2020\/06\/balletas.jpg\" alt=\"\" title=\"\"\/><\/div><\/div>[\/vc_column_inner][\/vc_row_inner][\/vc_column][\/vc_row][vc_row full_width=&#8221;stretch_row&#8221; css=&#8221;.vc_custom_1592603152181{padding-top: 30px !important;padding-bottom: 30px !important;background-color: #32bef0 !important;}&#8221;][vc_column width=&#8221;2\/3&#8243;]<h2 class=\"boc_heading  al_left  \"  style=\"margin-bottom: 20px;margin-top: 30px;color: #ffffff;font-size: 28;\"><span>Descarregue todo nosso cat\u00e1logo de produtos<\/span><\/h2>[\/vc_column][vc_column width=&#8221;1\/3&#8243; css=&#8221;.vc_custom_1592603589925{padding-top: 25px !important;}&#8221;]<a\thref=\"\/pt-br\/catalogo\/\" \n\t\t\t\tclass=\"button btn_medium btn_white btn_squared btn_normal_style    \"  target='_self'><span>FICHAS DE PRODUTOS<\/span><\/a>[\/vc_column][\/vc_row]<\/p>\n","protected":false},"excerpt":{"rendered":"<p>[vc_row full_width=&#8221;stretch_row&#8221; bg_type=&#8221;image&#8221; bg_image_new=&#8221;572&#8243; bg_image_repeat=&#8221;no-repeat&#8221; css=&#8221;.vc_custom_1592512597337{padding-top: 150px !important;padding-bottom: 150px !important;}&#8221;][vc_column][\/vc_column][\/vc_row][vc_row][vc_column][vc_row_inner css=&#8221;.vc_custom_1592601709079{border-bottom-width: 0px !important;padding-top: 30px !important;padding-bottom: 30px !important;border-bottom-color: #e5e5e5 !important;border-bottom-style: solid !important;border-radius: 1px !important;}&#8221;][vc_column_inner][vc_column_text] As molas s\u00e3o compostas por l\u00e2minas que trabalham sob flex\u00e3o. Formam parte do sistema de suspens\u00e3o, cuja miss\u00e3o \u00e9 absorver as descontinuidades do terreno com o objetivo de melhorar a condu\u00e7\u00e3o, seguran\u00e7a e conforto da unidade, al\u00e9m<\/p>\n<div class=\"h10\"><\/div>\n<p><a class=\"more-link1\" href=\"https:\/\/faesa.com.ar\/pt-br\/produtos\/suspensao-para-transporte\/\">Read more<\/a><\/p>\n","protected":false},"author":1,"featured_media":0,"parent":825,"menu_order":0,"comment_status":"closed","ping_status":"closed","template":"","meta":{"footnotes":""},"class_list":["post-866","page","type-page","status-publish","hentry"],"_links":{"self":[{"href":"https:\/\/faesa.com.ar\/pt-br\/wp-json\/wp\/v2\/pages\/866\/"}],"collection":[{"href":"https:\/\/faesa.com.ar\/pt-br\/wp-json\/wp\/v2\/pages\/"}],"about":[{"href":"https:\/\/faesa.com.ar\/pt-br\/wp-json\/wp\/v2\/types\/page\/"}],"author":[{"embeddable":true,"href":"https:\/\/faesa.com.ar\/pt-br\/wp-json\/wp\/v2\/users\/1\/"}],"replies":[{"embeddable":true,"href":"https:\/\/faesa.com.ar\/pt-br\/wp-json\/wp\/v2\/comments\/?post=866"}],"version-history":[{"count":5,"href":"https:\/\/faesa.com.ar\/pt-br\/wp-json\/wp\/v2\/pages\/866\/revisions\/"}],"predecessor-version":[{"id":1336,"href":"https:\/\/faesa.com.ar\/pt-br\/wp-json\/wp\/v2\/pages\/866\/revisions\/1336\/"}],"up":[{"embeddable":true,"href":"https:\/\/faesa.com.ar\/pt-br\/wp-json\/wp\/v2\/pages\/825\/"}],"wp:attachment":[{"href":"https:\/\/faesa.com.ar\/pt-br\/wp-json\/wp\/v2\/media\/?parent=866"}],"curies":[{"name":"wp","href":"https:\/\/api.w.org\/{rel}","templated":true}]}}