{"id":857,"date":"2020-06-18T17:40:55","date_gmt":"2020-06-18T20:40:55","guid":{"rendered":"https:\/\/faesa.com.ar\/productos\/nuevos-desarrollos\/"},"modified":"2021-06-16T15:28:31","modified_gmt":"2021-06-16T18:28:31","slug":"novos-desenvolvimentos","status":"publish","type":"page","link":"https:\/\/faesa.com.ar\/pt-br\/produtos\/novos-desenvolvimentos\/","title":{"rendered":"Novos desenvolvimentos"},"content":{"rendered":"<p>[vc_row full_width=&#8221;stretch_row&#8221; bg_type=&#8221;image&#8221; bg_image_new=&#8221;583&#8243; bg_image_repeat=&#8221;no-repeat&#8221; css=&#8221;.vc_custom_1592514431986{padding-top: 150px !important;padding-bottom: 150px !important;}&#8221;][vc_column]<h2 class=\"boc_heading  al_left  \"  style=\"margin-bottom: 20px;margin-top: 0px;color: #ffffff;font-size: 36px;\"><span>Novos <strong>desenvolvimentos<\/strong><\/span><\/h2>[\/vc_column][\/vc_row][vc_row][vc_column][vc_row_inner css=&#8221;.vc_custom_1581359213318{border-bottom-width: 1px !important;padding-top: 30px !important;padding-bottom: 30px !important;border-bottom-color: #e5e5e5 !important;border-bottom-style: solid !important;border-radius: 1px !important;}&#8221;][vc_column_inner width=&#8221;1\/2&#8243;][vc_column_text]Nosso departamento de engenharia possui a experi\u00eancia e tecnologia adequada para satisfazer qualquer requerimento de novos desenvolvimentos de produtos nas \u00e1reas de Minera\u00e7\u00e3o, Agro e Maquin\u00e1rios Rodovi\u00e1rios, entre outras.[\/vc_column_text][vc_column_text]Se voc\u00ea deseja solicitar um desenvolvimento especial, por favor, comunique-se mediante este formul\u00e1rio.[\/vc_column_text][\/vc_column_inner][vc_column_inner width=&#8221;1\/2&#8243;]\n<div class=\"wpcf7 no-js\" id=\"wpcf7-f1230-o1\" lang=\"es-AR\" dir=\"ltr\" data-wpcf7-id=\"1230\">\n<div class=\"screen-reader-response\"><p role=\"status\" aria-live=\"polite\" aria-atomic=\"true\"><\/p> <ul><\/ul><\/div>\n<form action=\"\/pt-br\/wp-json\/wp\/v2\/pages\/857\/#wpcf7-f1230-o1\" method=\"post\" class=\"wpcf7-form init\" aria-label=\"Formulario de contacto\" novalidate=\"novalidate\" data-status=\"init\">\n<fieldset class=\"hidden-fields-container\"><input type=\"hidden\" name=\"_wpcf7\" value=\"1230\" \/><input type=\"hidden\" name=\"_wpcf7_version\" value=\"6.1.5\" \/><input type=\"hidden\" name=\"_wpcf7_locale\" value=\"es_AR\" \/><input type=\"hidden\" name=\"_wpcf7_unit_tag\" value=\"wpcf7-f1230-o1\" \/><input type=\"hidden\" name=\"_wpcf7_container_post\" value=\"0\" \/><input type=\"hidden\" name=\"_wpcf7_posted_data_hash\" value=\"\" \/><input type=\"hidden\" name=\"_wpcf7_recaptcha_response\" value=\"\" \/>\n<\/fieldset>\n<div class=\"cf-container\">\n\t<div class=\"cf-col-6\">\n\t\t<p><label><span class=\"wpcf7-form-control-wrap\" data-name=\"your-name\"><input size=\"40\" maxlength=\"400\" class=\"wpcf7-form-control wpcf7-text wpcf7-validates-as-required\" aria-required=\"true\" aria-invalid=\"false\" value=\"Nome\" type=\"text\" name=\"your-name\" \/><\/span> <\/label>\n\t\t<\/p>\n\t<\/div>\n\t<div class=\"cf-col-6\">\n\t\t<p><label><span class=\"wpcf7-form-control-wrap\" data-name=\"apellido\"><input size=\"40\" maxlength=\"400\" class=\"wpcf7-form-control wpcf7-text wpcf7-validates-as-required\" aria-required=\"true\" aria-invalid=\"false\" value=\"Sobrenome\" type=\"text\" name=\"apellido\" \/><\/span><\/label>\n\t\t<\/p>\n\t<\/div>\n\t<div class=\"cf-col-6\">\n\t\t<p><label><span class=\"wpcf7-form-control-wrap\" data-name=\"telefono\"><input size=\"40\" maxlength=\"400\" class=\"wpcf7-form-control wpcf7-tel wpcf7-validates-as-required wpcf7-text wpcf7-validates-as-tel\" aria-required=\"true\" aria-invalid=\"false\" value=\"Telefone\" type=\"tel\" name=\"telefono\" \/><\/span><\/label>\n\t\t<\/p>\n\t<\/div>\n\t<div class=\"cf-col-6\">\n\t\t<p><label><span class=\"wpcf7-form-control-wrap\" data-name=\"Empresa\"><input size=\"40\" maxlength=\"400\" class=\"wpcf7-form-control wpcf7-text wpcf7-validates-as-required\" aria-required=\"true\" aria-invalid=\"false\" value=\"Empresa\" type=\"text\" name=\"Empresa\" \/><\/span><\/label>\n\t\t<\/p>\n\t<\/div>\n\t<div class=\"cf-col-12\">\n\t\t<p><label><span class=\"wpcf7-form-control-wrap\" data-name=\"your-email\"><input size=\"40\" maxlength=\"400\" class=\"wpcf7-form-control wpcf7-email wpcf7-validates-as-required wpcf7-text wpcf7-validates-as-email\" aria-required=\"true\" aria-invalid=\"false\" value=\"E-mail\" type=\"email\" name=\"your-email\" \/><\/span> <\/label>\n\t\t<\/p>\n\t<\/div>\n\t<div class=\"cf-col-12\">\n\t\t<p><label><span class=\"wpcf7-form-control-wrap\" data-name=\"your-message\"><textarea cols=\"40\" rows=\"4\" maxlength=\"2000\" class=\"wpcf7-form-control wpcf7-textarea\" aria-invalid=\"false\" name=\"your-message\">Mesagem<\/textarea><\/span> <\/label>\n\t\t<\/p>\n\t<\/div>\n\t<div class=\"cf-col-12\">\n\t\t<p><input class=\"wpcf7-form-control wpcf7-submit has-spinner btn_enviar\" type=\"submit\" value=\"Mandar\" \/>\n\t\t<\/p>\n\t<\/div>\n<span class=\"wpcf7-form-control-wrap recaptcha\" data-name=\"recaptcha\"><span data-sitekey=\"6LdHri8jAAAAAOwQK6_HpcgFodrBr77jjdTQPV-q\" data-align=\"center\" class=\"wpcf7-form-control wpcf7-recaptcha g-recaptcha\"><\/span>\r\n<noscript>\r\n\t<div class=\"grecaptcha-noscript\">\r\n\t\t<iframe loading=\"lazy\" src=\"https:\/\/www.google.com\/recaptcha\/api\/fallback?k=6LdHri8jAAAAAOwQK6_HpcgFodrBr77jjdTQPV-q\" frameborder=\"0\" scrolling=\"no\" width=\"310\" height=\"430\">\r\n\t\t<\/iframe>\r\n\t\t<textarea name=\"g-recaptcha-response\" rows=\"3\" cols=\"40\" placeholder=\"reCaptcha Response Here\">\r\n\t\t<\/textarea>\r\n\t<\/div>\r\n<\/noscript>\r\n<\/span>\n<\/div><div class=\"wpcf7-response-output\" aria-hidden=\"true\"><\/div>\n<\/form>\n<\/div>\n[\/vc_column_inner][\/vc_row_inner][\/vc_column][\/vc_row]<\/p>\n","protected":false},"excerpt":{"rendered":"<p>[vc_row full_width=&#8221;stretch_row&#8221; bg_type=&#8221;image&#8221; bg_image_new=&#8221;583&#8243; bg_image_repeat=&#8221;no-repeat&#8221; css=&#8221;.vc_custom_1592514431986{padding-top: 150px !important;padding-bottom: 150px !important;}&#8221;][vc_column][\/vc_column][\/vc_row][vc_row][vc_column][vc_row_inner css=&#8221;.vc_custom_1581359213318{border-bottom-width: 1px !important;padding-top: 30px !important;padding-bottom: 30px !important;border-bottom-color: #e5e5e5 !important;border-bottom-style: solid !important;border-radius: 1px !important;}&#8221;][vc_column_inner width=&#8221;1\/2&#8243;][vc_column_text]Nosso departamento de engenharia possui a experi\u00eancia e tecnologia adequada para satisfazer qualquer requerimento de novos desenvolvimentos de produtos nas \u00e1reas de Minera\u00e7\u00e3o, Agro e Maquin\u00e1rios Rodovi\u00e1rios, entre outras.[\/vc_column_text][vc_column_text]Se voc\u00ea deseja solicitar um desenvolvimento especial, por favor,<\/p>\n<div class=\"h10\"><\/div>\n<p><a class=\"more-link1\" href=\"https:\/\/faesa.com.ar\/pt-br\/produtos\/novos-desenvolvimentos\/\">Read more<\/a><\/p>\n","protected":false},"author":1,"featured_media":0,"parent":825,"menu_order":0,"comment_status":"closed","ping_status":"closed","template":"","meta":{"footnotes":""},"class_list":["post-857","page","type-page","status-publish","hentry"],"_links":{"self":[{"href":"https:\/\/faesa.com.ar\/pt-br\/wp-json\/wp\/v2\/pages\/857\/"}],"collection":[{"href":"https:\/\/faesa.com.ar\/pt-br\/wp-json\/wp\/v2\/pages\/"}],"about":[{"href":"https:\/\/faesa.com.ar\/pt-br\/wp-json\/wp\/v2\/types\/page\/"}],"author":[{"embeddable":true,"href":"https:\/\/faesa.com.ar\/pt-br\/wp-json\/wp\/v2\/users\/1\/"}],"replies":[{"embeddable":true,"href":"https:\/\/faesa.com.ar\/pt-br\/wp-json\/wp\/v2\/comments\/?post=857"}],"version-history":[{"count":2,"href":"https:\/\/faesa.com.ar\/pt-br\/wp-json\/wp\/v2\/pages\/857\/revisions\/"}],"predecessor-version":[{"id":1231,"href":"https:\/\/faesa.com.ar\/pt-br\/wp-json\/wp\/v2\/pages\/857\/revisions\/1231\/"}],"up":[{"embeddable":true,"href":"https:\/\/faesa.com.ar\/pt-br\/wp-json\/wp\/v2\/pages\/825\/"}],"wp:attachment":[{"href":"https:\/\/faesa.com.ar\/pt-br\/wp-json\/wp\/v2\/media\/?parent=857"}],"curies":[{"name":"wp","href":"https:\/\/api.w.org\/{rel}","templated":true}]}}