{"id":846,"date":"2020-06-18T17:05:42","date_gmt":"2020-06-18T20:05:42","guid":{"rendered":"https:\/\/faesa.com.ar\/productos\/implementos-agricolas\/"},"modified":"2021-05-24T15:59:23","modified_gmt":"2021-05-24T18:59:23","slug":"implementos-agricolas","status":"publish","type":"page","link":"https:\/\/faesa.com.ar\/pt-br\/produtos\/implementos-agricolas\/","title":{"rendered":"Implementos agr\u00edcolas"},"content":{"rendered":"<p>[vc_row full_width=&#8221;stretch_row&#8221; bg_type=&#8221;image&#8221; bg_image_new=&#8221;568&#8243; bg_image_repeat=&#8221;no-repeat&#8221; css=&#8221;.vc_custom_1592512722654{padding-top: 150px !important;padding-bottom: 150px !important;}&#8221;][vc_column]<h2 class=\"boc_heading  al_left  \"  style=\"margin-bottom: 20px;margin-top: 0px;color: #ffffff;font-size: 36px;\"><span>Implementos <strong>agr\u00edcolas<\/strong><\/span><\/h2>[\/vc_column][\/vc_row][vc_row][vc_column][vc_row_inner css=&#8221;.vc_custom_1581359213318{border-bottom-width: 1px !important;padding-top: 30px !important;padding-bottom: 30px !important;border-bottom-color: #e5e5e5 !important;border-bottom-style: solid !important;border-radius: 1px !important;}&#8221;][vc_column_inner width=&#8221;1\/2&#8243;]<h2 class=\"boc_heading  al_left  \"  style=\"margin-bottom: 20px;margin-top: 0px;color: #333;\"><span>L\u00e2minas de Corte<\/span><\/h2><div class=\"boc_divider_holder\"><div class=\"boc_divider  \"  style=\"margin-top: 20px;margin-bottom: 20px;width: 60px;height: 1px;background: #eeeeee;\"><\/div><\/div>[vc_column_text]Pe\u00e7as para m\u00e1quinas de corte e de moenda fabricadas em a\u00e7os especiais com tratamento t\u00e9rmico para maior durabilidade.[\/vc_column_text]<a\thref=\"\/wp-content\/uploads\/2019\/10\/ficha_desarrollos_especiales.pdf\" \n\t\t\t\tclass=\"button btn_medium btn_theme_color btn_squared btn_normal_style    \"  target='_blank'><span>Ficha T\u00e9cnica<\/span><\/a>[\/vc_column_inner][vc_column_inner width=&#8221;1\/2&#8243;]\r\n\t\t\t\t\t<!-- Image Slider -->\r\n\t\t\t\t\t<script type=\"text\/javascript\">\r\n\r\n\t\t\t\t\t\tjQuery(document).ready(function($) {\r\n\t\t\t\t\t\t\t\r\n\t\t\t\t\t\t\t\/\/ Load carousel after its images are loaded\r\n\t\t\t\t\t\t\tpreloadImages($(\"#img_slider_5f690e4e2033376c3843142ac959e17b img\"), function () {\r\n\t\t\t\t\t\t\t\t\r\n\t\t\t\t\t\t\t\tvar carousel = $(\"#img_slider_5f690e4e2033376c3843142ac959e17b\");\r\n\t\t\t\t\t\t\t\t\r\n\t\t\t\t\t\t\t\tvar args = {\r\n\t\t\t\t\t\t\t\t\titems: \t\t\t1,\r\n\t\t\t\t\t\t\t\t\tmouseDrag:\t\ttrue,\r\n\t\t\t\t\t\t\t\t\tautoplay:\t\tfalse,\r\n\t\t\t\t\t\t\t\t\tautoplayTimeout:6000,\r\n\t\t\t\t\t\t\t\t\tnav: \t\t\ttrue,\r\n\t\t\t\t\t\t\t\t\tdots: \t\t\tfalse,\r\n\t\t\t\t\t\t\t\t\tloop: \t\t\tfalse,\r\n\t\t\t\t\t\t\t\t\tautoHeight: \tfalse,\r\n\t\t\t\t\t\t\t\t\tsmartSpeed:\t\t250,\r\n\t\t\t\t\t\t\tnavText:\t\t\t[\"<span class='icon icon-arrow-left8'><\/span>\",\"<span class='icon icon-uniE708'><\/span>\"],\r\n\t\t\t\t\t\t\t\t\tslideBy: \t\t1,\r\n\t\t\t\t\t\t\t\t\tnavRewind: \t\tfalse,\r\n\t\t\t\t\t\t\t\t\trtl: \t\t\tfalse,\r\n\t\t\t\t\t\t\t\t\tonInitialized:  \tshowCarousel_5f690e4e2033376c3843142ac959e17b,\r\n\t\t\t\t\t\t\t\t\t\r\n\t\t\t\t\t\t\t\t};\r\n\t\t\t\t\t\t\t\t\r\n\t\t\t\t\t\t\t\tcarousel.owlCarousel(args);\r\n\r\n\t\t\t\t\t\t\t\tvar initital_width = carousel.css(\"width\");\t\t\r\n\t\t\t\t\t\t\t\t\r\n\t\t\t\t\t\t\t\t\/* Refresh it for full width rows *\/\r\n\t\t\t\t\t\t\t\t$(window).load(function(){\r\n\t\t\t\t\t\t\t\t\tif(carousel.css(\"width\") != initital_width) {\r\n\t\t\t\t\t\t\t\t\t\tcarousel.trigger(\"destroy.owl.carousel\").removeClass(\"owl-carousel owl-loaded\");\r\n\t\t\t\t\t\t\t\t\t\tcarousel.find(\".owl-stage-outer\").children().unwrap();\r\n\t\t\t\t\t\t\t\t\t\tcarousel.owlCarousel(args);\r\n\t\t\t\t\t\t\t\t\t}\r\n\t\t\t\t\t\t\t\t});\r\n\t\t\t\t\t\t\t});\r\n\t\t\t\t\t\t\t\r\n\t\t\t\t\t\t\t\r\n\t\t\t\t\t\t\t\/* Show after initialized *\/\r\n\t\t\t\t\t\t\tfunction showCarousel_5f690e4e2033376c3843142ac959e17b() {\r\n\t\t\t\t\t\t\t\t$(\"#img_slider_5f690e4e2033376c3843142ac959e17b\").fadeTo(0,1);\r\n\t\t\t\t\t\t\t\t$(\"#img_slider_5f690e4e2033376c3843142ac959e17b .owl-item .boc_owl_lazy\").css(\"opacity\",\"1\");\r\n\t\t\t\t\t\t\t}\t\t\t\t\t\t\t\r\n\t\t\t\t\t\t\t\r\n\t\t\t\t\t\t\t\r\n\t\t\t\t\t\t});\r\n\r\n\t\t\t\t\t<\/script>\r\n\t\t\t\t\t<!-- Image Slider :: END --><div class=\"img_slider mfp_gallery \" id=\"img_slider_5f690e4e2033376c3843142ac959e17b\" style=\"opacity:0;\"><div class=\"img_slider_item boc_owl_lazy\"><img decoding=\"async\" src=\"https:\/\/faesa.com.ar\/wp-content\/uploads\/2019\/10\/cuchilla_main.jpg\" alt=\"\" title=\"\"\/><\/div><\/div>[\/vc_column_inner][\/vc_row_inner][\/vc_column][\/vc_row][vc_row][vc_column][vc_row_inner css=&#8221;.vc_custom_1581359213318{border-bottom-width: 1px !important;padding-top: 30px !important;padding-bottom: 30px !important;border-bottom-color: #e5e5e5 !important;border-bottom-style: solid !important;border-radius: 1px !important;}&#8221;][vc_column_inner width=&#8221;1\/2&#8243;]<h2 class=\"boc_heading  al_left  \"  style=\"margin-bottom: 20px;margin-top: 0px;color: #333;\"><span>Suportes<\/span><\/h2><div class=\"boc_divider_holder\"><div class=\"boc_divider  \"  style=\"margin-top: 20px;margin-bottom: 20px;width: 60px;height: 1px;background: #eeeeee;\"><\/div><\/div>[vc_column_text]Suporte de L\u00e2minas de corte Turbo para lavoura que suporta as irregularidades do solo a ser trabalhado, assegurando um excelente desempenho das Semeadoras.[\/vc_column_text]<a\thref=\"\/wp-content\/uploads\/2019\/10\/ficha_desarrollos_especiales.pdf\" \n\t\t\t\tclass=\"button btn_medium btn_theme_color btn_squared btn_normal_style    \"  target='_blank'><span>Ficha T\u00e9cnica<\/span><\/a>[\/vc_column_inner][vc_column_inner width=&#8221;1\/2&#8243;]\r\n\t\t\t\t\t<!-- Image Slider -->\r\n\t\t\t\t\t<script type=\"text\/javascript\">\r\n\r\n\t\t\t\t\t\tjQuery(document).ready(function($) {\r\n\t\t\t\t\t\t\t\r\n\t\t\t\t\t\t\t\/\/ Load carousel after its images are loaded\r\n\t\t\t\t\t\t\tpreloadImages($(\"#img_slider_0c35286f87d4f99ff9b4b7171f514de1 img\"), function () {\r\n\t\t\t\t\t\t\t\t\r\n\t\t\t\t\t\t\t\tvar carousel = $(\"#img_slider_0c35286f87d4f99ff9b4b7171f514de1\");\r\n\t\t\t\t\t\t\t\t\r\n\t\t\t\t\t\t\t\tvar args = {\r\n\t\t\t\t\t\t\t\t\titems: \t\t\t1,\r\n\t\t\t\t\t\t\t\t\tmouseDrag:\t\ttrue,\r\n\t\t\t\t\t\t\t\t\tautoplay:\t\tfalse,\r\n\t\t\t\t\t\t\t\t\tautoplayTimeout:6000,\r\n\t\t\t\t\t\t\t\t\tnav: \t\t\ttrue,\r\n\t\t\t\t\t\t\t\t\tdots: \t\t\tfalse,\r\n\t\t\t\t\t\t\t\t\tloop: \t\t\tfalse,\r\n\t\t\t\t\t\t\t\t\tautoHeight: \tfalse,\r\n\t\t\t\t\t\t\t\t\tsmartSpeed:\t\t250,\r\n\t\t\t\t\t\t\tnavText:\t\t\t[\"<span class='icon icon-arrow-left8'><\/span>\",\"<span class='icon icon-uniE708'><\/span>\"],\r\n\t\t\t\t\t\t\t\t\tslideBy: \t\t1,\r\n\t\t\t\t\t\t\t\t\tnavRewind: \t\tfalse,\r\n\t\t\t\t\t\t\t\t\trtl: \t\t\tfalse,\r\n\t\t\t\t\t\t\t\t\tonInitialized:  \tshowCarousel_0c35286f87d4f99ff9b4b7171f514de1,\r\n\t\t\t\t\t\t\t\t\t\r\n\t\t\t\t\t\t\t\t};\r\n\t\t\t\t\t\t\t\t\r\n\t\t\t\t\t\t\t\tcarousel.owlCarousel(args);\r\n\r\n\t\t\t\t\t\t\t\tvar initital_width = carousel.css(\"width\");\t\t\r\n\t\t\t\t\t\t\t\t\r\n\t\t\t\t\t\t\t\t\/* Refresh it for full width rows *\/\r\n\t\t\t\t\t\t\t\t$(window).load(function(){\r\n\t\t\t\t\t\t\t\t\tif(carousel.css(\"width\") != initital_width) {\r\n\t\t\t\t\t\t\t\t\t\tcarousel.trigger(\"destroy.owl.carousel\").removeClass(\"owl-carousel owl-loaded\");\r\n\t\t\t\t\t\t\t\t\t\tcarousel.find(\".owl-stage-outer\").children().unwrap();\r\n\t\t\t\t\t\t\t\t\t\tcarousel.owlCarousel(args);\r\n\t\t\t\t\t\t\t\t\t}\r\n\t\t\t\t\t\t\t\t});\r\n\t\t\t\t\t\t\t});\r\n\t\t\t\t\t\t\t\r\n\t\t\t\t\t\t\t\r\n\t\t\t\t\t\t\t\/* Show after initialized *\/\r\n\t\t\t\t\t\t\tfunction showCarousel_0c35286f87d4f99ff9b4b7171f514de1() {\r\n\t\t\t\t\t\t\t\t$(\"#img_slider_0c35286f87d4f99ff9b4b7171f514de1\").fadeTo(0,1);\r\n\t\t\t\t\t\t\t\t$(\"#img_slider_0c35286f87d4f99ff9b4b7171f514de1 .owl-item .boc_owl_lazy\").css(\"opacity\",\"1\");\r\n\t\t\t\t\t\t\t}\t\t\t\t\t\t\t\r\n\t\t\t\t\t\t\t\r\n\t\t\t\t\t\t\t\r\n\t\t\t\t\t\t});\r\n\r\n\t\t\t\t\t<\/script>\r\n\t\t\t\t\t<!-- Image Slider :: END --><div class=\"img_slider mfp_gallery \" id=\"img_slider_0c35286f87d4f99ff9b4b7171f514de1\" style=\"opacity:0;\"><div class=\"img_slider_item boc_owl_lazy\"><img decoding=\"async\" src=\"https:\/\/faesa.com.ar\/wp-content\/uploads\/2019\/10\/soporte_main.jpg\" alt=\"\" title=\"\"\/><\/div><\/div>[\/vc_column_inner][\/vc_row_inner][\/vc_column][\/vc_row]<\/p>\n","protected":false},"excerpt":{"rendered":"<p>[vc_row full_width=&#8221;stretch_row&#8221; bg_type=&#8221;image&#8221; bg_image_new=&#8221;568&#8243; bg_image_repeat=&#8221;no-repeat&#8221; css=&#8221;.vc_custom_1592512722654{padding-top: 150px !important;padding-bottom: 150px !important;}&#8221;][vc_column][\/vc_column][\/vc_row][vc_row][vc_column][vc_row_inner css=&#8221;.vc_custom_1581359213318{border-bottom-width: 1px !important;padding-top: 30px !important;padding-bottom: 30px !important;border-bottom-color: #e5e5e5 !important;border-bottom-style: solid !important;border-radius: 1px !important;}&#8221;][vc_column_inner width=&#8221;1\/2&#8243;][vc_column_text]Pe\u00e7as para m\u00e1quinas de corte e de moenda fabricadas em a\u00e7os especiais com tratamento t\u00e9rmico para maior durabilidade.[\/vc_column_text][\/vc_column_inner][vc_column_inner width=&#8221;1\/2&#8243;][\/vc_column_inner][\/vc_row_inner][\/vc_column][\/vc_row][vc_row][vc_column][vc_row_inner css=&#8221;.vc_custom_1581359213318{border-bottom-width: 1px !important;padding-top: 30px !important;padding-bottom: 30px !important;border-bottom-color: #e5e5e5 !important;border-bottom-style: solid !important;border-radius: 1px !important;}&#8221;][vc_column_inner width=&#8221;1\/2&#8243;][vc_column_text]Suporte de L\u00e2minas de corte<\/p>\n<div class=\"h10\"><\/div>\n<p><a class=\"more-link1\" href=\"https:\/\/faesa.com.ar\/pt-br\/produtos\/implementos-agricolas\/\">Read more<\/a><\/p>\n","protected":false},"author":1,"featured_media":0,"parent":825,"menu_order":0,"comment_status":"closed","ping_status":"closed","template":"","meta":{"footnotes":""},"class_list":["post-846","page","type-page","status-publish","hentry"],"_links":{"self":[{"href":"https:\/\/faesa.com.ar\/pt-br\/wp-json\/wp\/v2\/pages\/846\/"}],"collection":[{"href":"https:\/\/faesa.com.ar\/pt-br\/wp-json\/wp\/v2\/pages\/"}],"about":[{"href":"https:\/\/faesa.com.ar\/pt-br\/wp-json\/wp\/v2\/types\/page\/"}],"author":[{"embeddable":true,"href":"https:\/\/faesa.com.ar\/pt-br\/wp-json\/wp\/v2\/users\/1\/"}],"replies":[{"embeddable":true,"href":"https:\/\/faesa.com.ar\/pt-br\/wp-json\/wp\/v2\/comments\/?post=846"}],"version-history":[{"count":2,"href":"https:\/\/faesa.com.ar\/pt-br\/wp-json\/wp\/v2\/pages\/846\/revisions\/"}],"predecessor-version":[{"id":849,"href":"https:\/\/faesa.com.ar\/pt-br\/wp-json\/wp\/v2\/pages\/846\/revisions\/849\/"}],"up":[{"embeddable":true,"href":"https:\/\/faesa.com.ar\/pt-br\/wp-json\/wp\/v2\/pages\/825\/"}],"wp:attachment":[{"href":"https:\/\/faesa.com.ar\/pt-br\/wp-json\/wp\/v2\/media\/?parent=846"}],"curies":[{"name":"wp","href":"https:\/\/api.w.org\/{rel}","templated":true}]}}