{"id":815,"date":"2019-10-01T15:57:40","date_gmt":"2019-10-01T18:57:40","guid":{"rendered":"https:\/\/faesa.com.ar\/innovacion\/"},"modified":"2021-07-16T12:55:26","modified_gmt":"2021-07-16T15:55:26","slug":"inovacao","status":"publish","type":"page","link":"https:\/\/faesa.com.ar\/pt-br\/inovacao\/","title":{"rendered":"INOVA\u00c7\u00c3O"},"content":{"rendered":"<p>[vc_row full_width=&#8221;stretch_row&#8221; content_placement=&#8221;middle&#8221; bg_type=&#8221;video&#8221; video_url=&#8221;http:\/\/faesa.com.ar\/wp-content\/uploads\/2020\/01\/calidad.mp4&#8243; video_url_2=&#8221;http:\/\/faesa.com.ar\/wp-content\/uploads\/2020\/01\/calidad.webm&#8221; video_opts=&#8221;loop&#8221; viewport_vdo=&#8221;off&#8221; enable_controls=&#8221;off&#8221; enable_overlay=&#8221;enable_overlay_value&#8221; overlay_color=&#8221;#000000&#8243; overlay_pattern=&#8221;01.png&#8221; css=&#8221;.vc_custom_1579725508676{padding-top: 120px !important;padding-bottom: 120px !important;}&#8221;][vc_column]<div class=\"boc_spacing \" style=\"height: 30px\"><\/div><h2 class=\"boc_heading  al_left  \"  style=\"margin-bottom: 20px;margin-top: 0px;color: #ffffff;\"><span>Gest\u00e3o de <strong>qualidade e Melhoria<\/strong> Cont\u00ednua<\/span><\/h2>[\/vc_column][\/vc_row][vc_row css=&#8221;.vc_custom_1592430463600{padding-top: 60px !important;padding-bottom: 20px !important;}&#8221;][vc_column css_animation=&#8221;fadeInUp&#8221;]<h4 class=\"boc_heading  al_left  \"  style=\"margin-bottom: 20px;margin-top: 0px;color: #32bef0;font-size: 32px;\"><span>Pol\u00edtica de Qualidade<\/span><\/h4>[vc_column_text]\u00c9 nossa prioridade o prestigio de nossos produtos e a import\u00e2ncia de satisfazer plenamente os requisitos aplic\u00e1veis de nossos Clientes e Partes Interessadas com pessoal qualificado e processos de neg\u00f3cio enfocados na melhora continua.[\/vc_column_text][vc_single_image image=&#8221;146&#8243;]<div class=\"boc_spacing \" style=\"height: 10px\"><\/div>[\/vc_column][\/vc_row][vc_row css=&#8221;.vc_custom_1592600653522{padding-top: 20px !important;padding-bottom: 60px !important;}&#8221;][vc_column css_animation=&#8221;fadeInUp&#8221; width=&#8221;1\/2&#8243;][vc_single_image alignment=&#8221;center&#8221; image=&#8221;521&#8243;][\/vc_column][vc_column css_animation=&#8221;fadeInRight&#8221; width=&#8221;1\/2&#8243;]<h2 class=\"boc_heading  al_left  \"  style=\"margin-bottom: 20px;margin-top: 0px;color: #32bef0;\"><span>I + D<\/span><\/h2>[vc_column_text]Nossa <strong>equipe interdisciplinar de Inova\u00e7\u00e3o e Desenvolvimento <\/strong>trabalha permanentemente em <strong>melhorar nossas linhas de produtos<\/strong>, como assim tamb\u00e9m na <strong>cria\u00e7\u00e3o de solu\u00e7\u00f5es espec\u00edficas a problem\u00e1ticas que nossos clientes confiam<\/strong> \u00e0 nossa experi\u00eancia.<\/p>\n<p>O mercado atual exige adaptar-se<strong> a novos usos e regulamenta\u00e7\u00f5es<\/strong>, para os quais \u00e9 preciso utilizar os<strong> recursos tecnol\u00f3gicos mais avan\u00e7ados<\/strong>, tanto para a<strong> cria\u00e7\u00e3o de novos conceitos como para a cocria\u00e7\u00e3o com nossos clientes, adaptando os produtos de acordo com suas necessidades ou desenvolvendo sob medida.<\/strong><\/p>\n<p>Cada novo desenvolvimento implica analisar novos conceitos, provar ferramentas alternativas, realizar simula\u00e7\u00f5es e testes virtuais, pr\u00e9vio ao exaustivo regime de provas dos prot\u00f3tipos.[\/vc_column_text][\/vc_column][\/vc_row][vc_row full_width=&#8221;stretch_row&#8221; disable_element=&#8221;yes&#8221; css=&#8221;.vc_custom_1626450924555{padding-top: 20px !important;padding-bottom: 20px !important;background-color: #32bef0 !important;}&#8221;][vc_column css_animation=&#8221;fadeInUp&#8221; width=&#8221;3\/4&#8243;]<h3 class=\"boc_heading  al_left  \"  style=\"margin-bottom: 10px;margin-top: 40px;color: #ffffff;font-size: 24px;\"><span>Descarregar Certificado<\/span><\/h3>[\/vc_column][vc_column css_animation=&#8221;fadeInRight&#8221; width=&#8221;1\/4&#8243; el_class=&#8221;shadow&#8221; css=&#8221;.vc_custom_1592503853528{padding-top: 10px !important;padding-right: 10px !important;padding-bottom: 10px !important;padding-left: 10px !important;background-color: #ffffff !important;}&#8221;][vc_single_image alignment=&#8221;center&#8221; onclick=&#8221;custom_link&#8221; img_link_target=&#8221;_blank&#8221; image=&#8221;152&#8243; link=&#8221;\/wp-content\/uploads\/2019\/10\/certificadoISO2019.pdf&#8221;][\/vc_column][\/vc_row]<\/p>\n","protected":false},"excerpt":{"rendered":"<p>[vc_row full_width=&#8221;stretch_row&#8221; content_placement=&#8221;middle&#8221; bg_type=&#8221;video&#8221; video_url=&#8221;http:\/\/faesa.com.ar\/wp-content\/uploads\/2020\/01\/calidad.mp4&#8243; video_url_2=&#8221;http:\/\/faesa.com.ar\/wp-content\/uploads\/2020\/01\/calidad.webm&#8221; video_opts=&#8221;loop&#8221; viewport_vdo=&#8221;off&#8221; enable_controls=&#8221;off&#8221; enable_overlay=&#8221;enable_overlay_value&#8221; overlay_color=&#8221;#000000&#8243; overlay_pattern=&#8221;01.png&#8221; css=&#8221;.vc_custom_1579725508676{padding-top: 120px !important;padding-bottom: 120px !important;}&#8221;][vc_column][\/vc_column][\/vc_row][vc_row css=&#8221;.vc_custom_1592430463600{padding-top: 60px !important;padding-bottom: 20px !important;}&#8221;][vc_column css_animation=&#8221;fadeInUp&#8221;][vc_column_text]\u00c9 nossa prioridade o prestigio de nossos produtos e a import\u00e2ncia de satisfazer plenamente os requisitos aplic\u00e1veis de nossos Clientes e Partes Interessadas com pessoal qualificado e processos de neg\u00f3cio enfocados na melhora continua.[\/vc_column_text][vc_single_image image=&#8221;146&#8243;][\/vc_column][\/vc_row][vc_row css=&#8221;.vc_custom_1592600653522{padding-top: 20px !important;padding-bottom:<\/p>\n<div class=\"h10\"><\/div>\n<p><a class=\"more-link1\" href=\"https:\/\/faesa.com.ar\/pt-br\/inovacao\/\">Read more<\/a><\/p>\n","protected":false},"author":1,"featured_media":0,"parent":0,"menu_order":0,"comment_status":"closed","ping_status":"closed","template":"","meta":{"footnotes":""},"class_list":["post-815","page","type-page","status-publish","hentry"],"_links":{"self":[{"href":"https:\/\/faesa.com.ar\/pt-br\/wp-json\/wp\/v2\/pages\/815\/"}],"collection":[{"href":"https:\/\/faesa.com.ar\/pt-br\/wp-json\/wp\/v2\/pages\/"}],"about":[{"href":"https:\/\/faesa.com.ar\/pt-br\/wp-json\/wp\/v2\/types\/page\/"}],"author":[{"embeddable":true,"href":"https:\/\/faesa.com.ar\/pt-br\/wp-json\/wp\/v2\/users\/1\/"}],"replies":[{"embeddable":true,"href":"https:\/\/faesa.com.ar\/pt-br\/wp-json\/wp\/v2\/comments\/?post=815"}],"version-history":[{"count":4,"href":"https:\/\/faesa.com.ar\/pt-br\/wp-json\/wp\/v2\/pages\/815\/revisions\/"}],"predecessor-version":[{"id":1343,"href":"https:\/\/faesa.com.ar\/pt-br\/wp-json\/wp\/v2\/pages\/815\/revisions\/1343\/"}],"wp:attachment":[{"href":"https:\/\/faesa.com.ar\/pt-br\/wp-json\/wp\/v2\/media\/?parent=815"}],"curies":[{"name":"wp","href":"https:\/\/api.w.org\/{rel}","templated":true}]}}